{"id":834,"date":"2018-10-05T12:51:31","date_gmt":"2018-10-05T10:51:31","guid":{"rendered":"https:\/\/www.eyfon.at\/?page_id=834"},"modified":"2018-11-30T07:55:27","modified_gmt":"2018-11-30T06:55:27","slug":"registration-booking","status":"publish","type":"page","link":"https:\/\/eyfon.at\/en\/go-for-eyfon\/registration-booking\/","title":{"rendered":"Registration \/ Booking"},"content":{"rendered":"<div  class=\"go_for_eyfon_menu\"><div style=\"float:left; padding: 3px 0px; padding-right:16px;\"><div style=\"width:140px; background-color:#132f72; color:#fff; font-weight:bold; padding:2px 5px; float:left; text-align:center;\"><a href=\"https:\/\/eyfon.at\/en\/go-for-eyfon\/\" class=\"a-goforeyfon\">Go for Eyfon<\/a><\/div>\r\n<div style=\"float:left;\"><img decoding=\"async\" src=\"https:\/\/www.eyfon.at\/wp-content\/uploads\/2018\/10\/pfeil3.png\" \/><\/div>\r\n<\/div>\r\n<div style=\"float:left; padding: 3px 0px;\">\r\n<div style=\"float:left; margin-left:0px;\" class=\"pfeil2\"><img decoding=\"async\" src=\"https:\/\/www.eyfon.at\/wp-content\/uploads\/2018\/10\/pfeil2.png\" \/><\/div>\r\n<div style=\"width:150px; background-color:#0072a1; color:#fff; font-weight:bold; padding:2px 5px; float:left; text-align:center;\"><a href=\"https:\/\/eyfon.at\/en\/go-for-eyfon\/concept-purpose\/\" class=\"a-goforeyfon\">Concept & Purpose<\/a><\/div>\r\n<div style=\"float:left;\"><img decoding=\"async\" src=\"https:\/\/www.eyfon.at\/wp-content\/uploads\/2018\/10\/pfeil.png\" \/><\/div>\r\n<\/div>\r\n<div style=\"float:left; padding: 3px 0px;\">\r\n<div style=\"float:left; margin-left:0px;\"><img decoding=\"async\" src=\"https:\/\/www.eyfon.at\/wp-content\/uploads\/2018\/10\/pfeil2.png\" \/><\/div>\r\n<div style=\"width:150px; background-color:#0072a1; color:#fff; font-weight:bold; padding:2px 5px; float:left; text-align:center;\"><a href=\"https:\/\/eyfon.at\/en\/go-for-eyfon\/sample-programme\/\" class=\"a-goforeyfon\">Sample Programme<\/a><\/div>\r\n<div style=\"float:left;\"><img decoding=\"async\" src=\"https:\/\/www.eyfon.at\/wp-content\/uploads\/2018\/10\/pfeil.png\" \/><\/div>\r\n<\/div>\r\n<div style=\"float:left; padding: 3px 0px;\">\r\n<div style=\"float:left; margin-left:0px;\"><img decoding=\"async\" src=\"https:\/\/www.eyfon.at\/wp-content\/uploads\/2018\/10\/pfeil2.png\" \/><\/div>\r\n<div style=\"width:140px; background-color:#0072a1; color:#fff; font-weight:bold; padding:2px 5px; float:left; text-align:center;\"><a href=\"https:\/\/eyfon.at\/en\/go-for-eyfon\/europaburg-castle\/europaburg-castle\/\" class=\"a-goforeyfon\">Europaburg Castle<\/a><\/div>\r\n<div style=\"float:left;\"><img decoding=\"async\" src=\"https:\/\/www.eyfon.at\/wp-content\/uploads\/2018\/10\/pfeil.png\" \/><\/div>\r\n<\/div>\r\n<div style=\"float:left; padding: 3px 0px;\">\r\n<div style=\"float:left; margin-left:0px;\"><img decoding=\"async\" src=\"https:\/\/www.eyfon.at\/wp-content\/uploads\/2018\/10\/pfeil2.png\" \/><\/div>\r\n<div style=\"width:140px; background-color:#0072a1; color:#fff; font-weight:bold; padding:2px 5px; float:left; text-align:center;\"><a href=\"https:\/\/eyfon.at\/en\/go-for-eyfon\/practical-tips\/\" class=\"a-goforeyfon\">Practical Tips<\/a><\/div>\r\n<div style=\"float:left;\"><img decoding=\"async\" src=\"https:\/\/www.eyfon.at\/wp-content\/uploads\/2018\/10\/pfeil.png\" \/><\/div>\r\n<\/div>\r\n<div style=\"float:left; padding: 3px 0px;\">\r\n<div style=\"float:left; margin-left:0px;\"><img decoding=\"async\" src=\"https:\/\/www.eyfon.at\/wp-content\/uploads\/2018\/10\/pfeil5.png\" \/><\/div>\r\n<div style=\"width:160px; background-color:#f49912; color:#fff; font-weight:bold; padding:2px 5px; float:left; text-align:center;\"><a href=\"https:\/\/eyfon.at\/en\/go-for-eyfon\/registration-booking\/\" class=\"a-goforeyfon\">Registration \/ Booking<\/a><\/div>\r\n<div style=\"float:left;\"><img decoding=\"async\" src=\"https:\/\/www.eyfon.at\/wp-content\/uploads\/2018\/10\/pfeil4.png\" \/><\/div>\r\n<\/div>\r\n<div style=\"width: 100%; height:1px; float:left;\"><\/div><\/div>\n<div style=\"width: 100%; float: left;\">\n<div class=\"go_for_eyfon_menu\">\n<h2>Login \/ Registration<\/h2>\n<\/div>\n<p>Dear online registration platform user!<\/p>\n<p>This online booking service gives you the opportunity to reserve a place on one of the EYFON JugendTage dates and find relevant information relating to the JugendTage, Europaburg Castle, and practical tips as well as watch videos of past events.<\/p>\n<p>In order to encourage dialogue across national borders, we strive to enable young people from all European countries, groups and individuals to take part in the JungendTage. The orange-coloured calender dates are dates with available capacity, meaning you can place a booking.<br \/>\nIt goes without saying, that groups from other European countries can also book their own dates.<\/p>\n<p>Depending on the educational and extracurricular programme, the JugendTage (Monday to Thursday\/ Friday) cost between \u20ac 400.- and \u20ac 600.- per person per week. Participants from Europe are able to apply for the relevant funding, please get in touch\/ send a written request to find out more.<\/p>\n<h2>Instructions:<\/h2>\n<ul>\n<li>\n<h4><strong>1st Step<\/strong><\/h4>\n<\/li>\n<\/ul>\n<p>First, choose a suitable date. Our JugendTage run Monday through Thursday, with the option of extending to Friday and organising your own programme \u2013 without Europa presentations and extracurricular activities.<\/p>\n<p>The dates which are marked in <strong><span style=\"color: red;\">RED<\/span><\/strong> in the calendar are blocked, which means they are already booked and not available.<\/p>\n<p>The dates which are marked in <strong><span style=\"color: grey;\">GREY<\/span><\/strong>\u00a0in the calender are available to be booked.<\/p>\n<p>The dates which are marked in <strong><span style=\"color: orange;\">ORANGE<\/span><\/strong>\u00a0in the calendar are partially booked, but it is possible to add individual groups or participants to the event. As we value the international nature of our events and given that our JugendTage generally take place in English, smaller groups and individuals are always more than welcome to participate.<\/p>\n<ul>\n<li>\n<h4><strong>2nd Step<\/strong><\/h4>\n<\/li>\n<\/ul>\n<p>After placing your booking via the form, you will receive an email from us confirming your booking and requesting a safety deposit.<\/p>\n<h2>Why a safety deposit?<\/h2>\n<p>The safety deposit gives you the peace of mind that your place has been reserved, and will be deducted from your final invoice. The deposit will not be refunded, should you decide to cancel your booking.<\/p>\n<h2>Costs<\/h2>\n<p>The JungendTage run from Monday to Thursday and cost between \u20ac 400.- and \u20ac 600.- per person. Overnight stays, catering and the educational and extracurricular programme are included in that price. The additional day, Friday, is charged separately if no additional educational or extracurricular programme is desired. Funding is possible under certain conditions. If you have any queries in this regard, or about the booking process in general, please contact\u00a0<a href=\"mailto:office@eyfon.at\">office@eyfon.at<\/a>\u00a0.<\/p>\n<h2>JugendTage<\/h2>\n<p>Information on the content and activities scheduled for the JugendTage can be found in the <a href=\"https:\/\/eyfon.at\/en\/go-for-eyfon\/sample-programme\/\"><strong><u>Sample Programme<\/u><\/strong><\/a>.<\/p>\n<p>Group bookings apply for 10 persons and above.<\/p>\n <div id=\"form_id715967239338\" class=\"wpbc_container wpbc_form wpbc_container_booking_form \" ><form id=\"booking_form1\" class=\"booking_form vertical\" method=\"post\" action=\"\"><div id=\"ajax_respond_insert1\" class=\"ajax_respond_insert\" style=\"display:none;\"><\/div><a name=\"bklnk1\" id=\"bklnk1\"><\/a><div id=\"booking_form_div1\" class=\"booking_form_div\"><style type=\"text\/css\">.wpbc_container_booking_form .block_hints, .wpbc_booking_form_simple.wpbc_form_center .wpbc__form__div .wpbc__row.wpbc_r_calendar,  .wpbc_booking_form_simple .wpbc__form__div .wpbc__row:not(.wpbc_r_calendar){max-width:100%;} <\/style>\n<div class=\"wpbc_booking_form_simple \">\n    <div class=\"wpbc__form__div\">\n\t<div class=\"wpbc_r_calendar wpbc__row\">\n      <div class=\"wpbc_r_calendar wpbc__field\"> <div class=\"wpbc_calendar_wraper wpbc_calendar_skin_legacy\"><div class=\"wpbc_cal_container bk_calendar_frame wpbc_no_custom_width  months_num_in_row_ cal_month_num_5 wpbc_timeslot_day_bg_as_available\" style=\"\"><div id=\"calendar_booking1\"  class=\"wpbc_calendar_id_1\" >\t<div class=\"calendar_loader_frame calendar_loader_frame1\"\r\n\t\tdata-wpbc-rid=\"1\"\r\n\t\tdata-wpbc-grace=\"8000\"\r\n\t\tstyle=\"--wpbc-loader-cols: 5;\"\r\n\t>\r\n\t\t<div class=\"calendar_loader_text\">Loading...<\/div>\r\n\t\t<div class=\"calendar_loader_frame__progress_line_container\">\r\n\t\t\t<div class=\"calendar_loader_frame__progress_line\"><\/div>\r\n\t\t<\/div>\r\n\t<\/div>\r\n\t<\/div><\/div><div style=\"font-size:7px;text-align:left;margin:0 0 10px;text-shadow: none;\">Powered by <a href=\"https:\/\/wpbookingcalendar.com\" style=\"font-size:7px;\" target=\"_blank\" title=\"Booking Calendar plugin for WordPress\">Booking Calendar<\/a><\/div><textarea id=\"date_booking1\" name=\"date_booking1\" autocomplete=\"off\" style=\"display:none;\"><\/textarea><div class=\"block_hints datepick \"><div class=\"wpdev_hint_with_text\"><div class=\"\"><div class=\"datepick-inline wpbc_calendar_legend_table_width_height\"><table class=\"datepick wpbc_calendar\" style=\"\"><tbody><tr><td class=\"datepick-days-cell date_available wpbc_calendar_legend_day_cell_height\"><div class=\"wpbc-cell-box\">\t<div class=\"date-cell-content\">\t\t<div class=\"date-content-top\"><\/div>\t\t<a>&nbsp;<\/a>\t\t<div class=\"date-content-bottom\"><\/div>\t<\/div><\/div><\/td><\/tr><\/tbody><\/table><\/div><\/div><div class=\"block_text\">- <\/div><div class=\"block_text\">available<\/div><\/div><div class=\"wpdev_hint_with_text\"><div class=\"\"><div class=\"datepick-inline wpbc_calendar_legend_table_width_height\"><table class=\"datepick wpbc_calendar\" style=\"\"><tbody><tr><td class=\"datepick-days-cell datepick-unselectable date_user_unavailable full_day_booking date_approved wpbc_calendar_legend_day_cell_height\"><div class=\"wpbc-cell-box\">\t<div class=\"date-cell-content\">\t\t<div class=\"date-content-top\"><\/div>\t\t<span>&nbsp;<\/span>\t\t<div class=\"date-content-bottom\"><\/div>\t<\/div><\/div><\/td><\/tr><\/tbody><\/table><\/div><\/div><div class=\"block_text\">- <\/div><div class=\"block_text\">booked<\/div><\/div><div class=\"wpdev_hint_with_text\"><div class=\"\"><div class=\"datepick-inline wpbc_calendar_legend_table_width_height\"><table class=\"datepick wpbc_calendar\" style=\"\"><tbody><tr><td class=\"datepick-days-cell datepick-unselectable date_user_unavailable full_day_booking date2approve wpbc_calendar_legend_day_cell_height\"><div class=\"wpbc-cell-box\">\t<div class=\"date-cell-content\">\t\t<div class=\"date-content-top\"><\/div>\t\t<span>&nbsp;<\/span>\t\t<div class=\"date-content-bottom\"><\/div>\t<\/div><\/div><\/td><\/tr><\/tbody><\/table><\/div><\/div><div class=\"block_text\">- <\/div><div class=\"block_text\">booking not yet confirmed<\/div><\/div><\/div><\/div><\/div>\n\t<\/div>\n\t<div class=\"wpbc__row\">\n      <div class=\"wpbc_r_gruppenname wpbc__field\">  <label for=\"gruppenname1\">Gruppenname<\/label><br>   <input type=\"text\" name=\"gruppenname1\" id=\"gruppenname1\" class=\"input-xlarge\" \/><\/div>\n\n      <div class=\"wpbc_r_name wpbc__field\">  <label for=\"name1\">Ansprechsperson-Vorname*<\/label><br>   <input type=\"text\" name=\"name1\" id=\"name1\" class=\"input-xlarge wpdev-validates-as-required\" \/><\/div>\n\t<\/div>\n\t<div class=\"wpbc__row\">\n      <div class=\"wpbc_r_secondname wpbc__field\">  <label for=\"secondname1\">Ansprechsperson-Nachname*<\/label><br>   <input type=\"text\" name=\"secondname1\" id=\"secondname1\" class=\"input-xlarge wpdev-validates-as-required\" \/><\/div>\n\n      <div class=\"wpbc_r_email wpbc__field\">  <label for=\"email1\">Email*<\/label><br>   <input type=\"email\" name=\"email1\" id=\"email1\" class=\"input-xlarge wpdev-validates-as-email wpdev-validates-as-required wpdev-validates-as-required\" \/><\/div>\n\t<\/div>\n\t<div class=\"wpbc__row\">\n      <div class=\"wpbc_r_visitors wpbc__field\">  <label for=\"visitors1\">Teilnehmeranzahl<\/label><br>   <select name=\"visitors1\" id=\"visitors1\" class=\"input-xlarge\" >  <option value=\"1\" >1<\/option>  <option value=\"2\" >2<\/option>  <option value=\"3\" >3<\/option>  <option value=\"4\" >4<\/option>  <option value=\"5\" >5<\/option>  <option value=\"6\" >6<\/option>  <option value=\"7\" >7<\/option>  <option value=\"8\" >8<\/option>  <option value=\"9\" >9<\/option>  <option value=\"10\" >10<\/option>  <option value=\"11\" >11<\/option>  <option value=\"12\" >12<\/option>  <option value=\"13\" >13<\/option>  <option value=\"14\" >14<\/option>  <option value=\"15\" >15<\/option>  <option value=\"16\" >16<\/option>  <option value=\"17\" >17<\/option>  <option value=\"18\" >18<\/option>  <option value=\"19\" >19<\/option>  <option value=\"20\" >20<\/option>  <option value=\"21\" >21<\/option>  <option value=\"22\" >22<\/option>  <option value=\"23\" >23<\/option>  <option value=\"24\" >24<\/option>  <option value=\"25\" >25<\/option>  <option value=\"26\" >26<\/option>  <option value=\"27\" >27<\/option>  <option value=\"28\" >28<\/option>  <option value=\"29\" >29<\/option>  <option value=\"30\" >30<\/option>     <\/select><\/div>\n\n      <div class=\"wpbc_r_phone wpbc__field\">  <label for=\"phone1\">Telefonnummer<\/label><br>   <input type=\"text\" name=\"phone1\" id=\"phone1\" class=\"input-xlarge\" \/><\/div>\n\t<\/div>\n\t<div class=\"wpbc__row\">\n      <div class=\"wpbc_r_landstadt wpbc__field\">  <label for=\"landstadt1\">Land\/Stadt<\/label><br>   <input type=\"text\" name=\"landstadt1\" id=\"landstadt1\" class=\"input-xlarge\" \/><\/div>\n\t<\/div>\n\t<div class=\"wpbc__row\">\n      <div class=\"wpbc_r_informationenzuihrergruppeeuropawissenmotivation wpbc__field\">  <label for=\"informationenzuihrergruppeeuropawissenmotivation1\">Informationen zu ihrer Gruppe \/ Europawissen\/ Motivation<\/label><br>   <textarea  rows=\"3\" name=\"informationenzuihrergruppeeuropawissenmotivation1\" id=\"informationenzuihrergruppeeuropawissenmotivation1\" class=\"input-xlarge\" ><\/textarea><\/div>\n\t<\/div>\n\t<div class=\"wpbc__row\">\n      <div class=\"wpbc_r_sindsiedamiteinverstandendasseyfonanderegruppenodereinzelpersonenfrdenvonihnengewhltenterminauswhltundeineteilnahmeermglicht wpbc__field\">  <label for=\"sindsiedamiteinverstandendasseyfonanderegruppenodereinzelpersonenfrdenvonihnengewhltenterminauswhltundeineteilnahmeermglicht1\">Sind Sie damit einverstanden, dass EYFON andere Gruppen oder Einzelpersonen f\u00fcr den von Ihnen gew\u00e4hlten Termin ausw\u00e4hlt und eine Teilnahme erm\u00f6glicht?<\/label><br>   <select name=\"sindsiedamiteinverstandendasseyfonanderegruppenodereinzelpersonenfrdenvonihnengewhltenterminauswhltundeineteilnahmeermglicht1\" id=\"sindsiedamiteinverstandendasseyfonanderegruppenodereinzelpersonenfrdenvonihnengewhltenterminauswhltundeineteilnahmeermglicht1\" class=\"input-xlarge\" >  <option value=\"Ja\" >Ja<\/option>  <option value=\"Nein\" >Nein<\/option>     <\/select><\/div>\n\n      <div class=\"wpbc_r_wennjabiszuwelcherpersonenanzahl wpbc__field\">  <label for=\"wennjabiszuwelcherpersonenanzahl1\">Wenn ja, bis zu welcher Personenanzahl?<\/label><br>   <select name=\"wennjabiszuwelcherpersonenanzahl1\" id=\"wennjabiszuwelcherpersonenanzahl1\" class=\"input-xlarge\" >  <option value=\"0\" >0<\/option>  <option value=\"1\" >1<\/option>  <option value=\"2\" >2<\/option>  <option value=\"3\" >3<\/option>  <option value=\"4\" >4<\/option>  <option value=\"5\" >5<\/option>  <option value=\"6\" >6<\/option>  <option value=\"7\" >7<\/option>  <option value=\"8\" >8<\/option>  <option value=\"9\" >9<\/option>  <option value=\"10\" >10<\/option>  <option value=\"11\" >11<\/option>  <option value=\"12\" >12<\/option>  <option value=\"13\" >13<\/option>  <option value=\"14\" >14<\/option>  <option value=\"15\" >15<\/option>  <option value=\"16\" >16<\/option>  <option value=\"17\" >17<\/option>  <option value=\"18\" >18<\/option>  <option value=\"19\" >19<\/option>  <option value=\"20\" >20<\/option>  <option value=\"21\" >21<\/option>  <option value=\"22\" >22<\/option>  <option value=\"23\" >23<\/option>  <option value=\"24\" >24<\/option>  <option value=\"25\" >25<\/option>  <option value=\"26\" >26<\/option>  <option value=\"27\" >27<\/option>  <option value=\"28\" >28<\/option>  <option value=\"29\" >29<\/option>  <option value=\"30\" >30<\/option>     <\/select><\/div>\n\t<\/div>\n\t<div class=\"wpbc__row\">\n      <div class=\"wpbc_r_wennjagibtesfrsieanderebeschrnkungen wpbc__field\">  <label for=\"wennjagibtesfrsieanderebeschrnkungen1\">Wenn ja, gibt es f\u00fcr Sie andere Beschr\u00e4nkungen?<\/label><br>   <input type=\"text\" name=\"wennjagibtesfrsieanderebeschrnkungen1\" id=\"wennjagibtesfrsieanderebeschrnkungen1\" class=\"input-xlarge\" \/><\/div>\n\t<\/div>\n\t<div class=\"wpbc__row\">\n      <div class=\"wpbc_r_details wpbc__field\">  <label for=\"details1\">Details und Fragen<\/label><br>   <textarea  rows=\"3\" name=\"details1\" id=\"details1\" class=\"input-xlarge\" ><\/textarea><\/div>\n\t<\/div>\n\t<div class=\"wpbc__row\">\n      <div class=\"wpbc_r_rangetime wpbc__field\">  <label for=\"rangetime1\">Sind Sie damit einverstanden, dass EYFON andere Gruppen oder Einzelpersonen f\u00fcr den von Ihnen gew\u00e4hlten Termin ausw\u00e4hlt und eine Teilnahme erm\u00f6glicht?*<\/label><br>   <select name=\"rangetime1\" id=\"rangetime1\" class=\"input-xlarge wpdev-validates-as-required\" >  <option value=\"06:00 - 08:00\" >6:00 AM - 8:00 AM<\/option>  <option value=\"10:00 - 11:00\" >10:00 AM - 11:00 AM<\/option>  <option value=\"10:00 - 11:00\" >10:00 AM - 11:00 AM<\/option>     <\/select><\/div>\n\t<\/div>\n\t<div class=\"wpbc__row\">\n      <div class=\"wpbc_r_captcha wpbc__field\"> <span class=\"wpbc_text_captcha_container wpdev-form-control-wrap \"><input  autocomplete=\"off\" type=\"hidden\" name=\"wpdev_captcha_challenge_1\"  id=\"wpdev_captcha_challenge_1\" value=\"685466684\" \/><input  autocomplete=\"off\" type=\"text\" class=\"captachinput\" value=\"\" name=\"captcha_input1\" id=\"captcha_input1\" \/><img decoding=\"async\" class=\"captcha_img\"  id=\"captcha_img1\" alt=\"To show CAPTCHA, please deactivate cache plugin or exclude this page from caching or disable CAPTCHA at WP Booking Calendar - Settings General page in Form Options section.\" src=\"https:\/\/eyfon.at\/en\/wp-content\/plugins\/booking\/js\/captcha\/tmp\/685466684.png\" \/><\/span><\/div>\n\t<\/div>\n\t<div class=\"wpbc__row\">\n      <div class=\"wpbc_r_submit wpbc__field\"> <button class=\"wpbc_button_light\" type=\"button\" onclick=\"wpbc_booking_form_submit(this.form,1,'en_US');\" >Senden<\/button>\n<\/div>\n\t<\/div>\n    <\/div>\n<\/div><input id=\"bk_type1\" name=\"bk_type1\" class=\"\" type=\"hidden\" value=\"1\" \/><\/div><div id=\"submiting1\"><\/div><div class=\"form_bk_messages\" id=\"form_bk_messages1\" ><\/div><input type=\"hidden\" id=\"wpbc_nonceCALCULATE_THE_COST1\" name=\"wpbc_nonceCALCULATE_THE_COST1\" value=\"598ac08316\" \/><input type=\"hidden\" name=\"_wp_http_referer\" value=\"\/en\/wp-json\/wp\/v2\/pages\/834\" \/><\/form><\/div><div id=\"booking_form_garbage1\" class=\"booking_form_garbage\"><\/div> \n<\/div>\n","protected":false},"excerpt":{"rendered":"<p>Login \/ Registration Dear online registration platform user! This online booking service gives you the opportunity to reserve a place on one of the EYFON JugendTage dates and find relevant information relating to the JugendTage, Europaburg Castle, and practical tips&#8230;<\/p>\n","protected":false},"author":2,"featured_media":0,"parent":814,"menu_order":2,"comment_status":"closed","ping_status":"closed","template":"","meta":{"_EventAllDay":false,"_EventTimezone":"","_EventStartDate":"","_EventEndDate":"","_EventStartDateUTC":"","_EventEndDateUTC":"","_EventShowMap":false,"_EventShowMapLink":false,"_EventURL":"","_EventCost":"","_EventCostDescription":"","_EventCurrencySymbol":"","_EventCurrencyCode":"","_EventCurrencyPosition":"","_EventDateTimeSeparator":"","_EventTimeRangeSeparator":"","_EventOrganizerID":[],"_EventVenueID":[],"_OrganizerEmail":"","_OrganizerPhone":"","_OrganizerWebsite":"","_VenueAddress":"","_VenueCity":"","_VenueCountry":"","_VenueProvince":"","_VenueState":"","_VenueZip":"","_VenuePhone":"","_VenueURL":"","_VenueStateProvince":"","_VenueLat":"","_VenueLng":"","_VenueShowMap":false,"_VenueShowMapLink":false,"footnotes":""},"class_list":["post-834","page","type-page","status-publish","hentry"],"_links":{"self":[{"href":"https:\/\/eyfon.at\/en\/wp-json\/wp\/v2\/pages\/834","targetHints":{"allow":["GET"]}}],"collection":[{"href":"https:\/\/eyfon.at\/en\/wp-json\/wp\/v2\/pages"}],"about":[{"href":"https:\/\/eyfon.at\/en\/wp-json\/wp\/v2\/types\/page"}],"author":[{"embeddable":true,"href":"https:\/\/eyfon.at\/en\/wp-json\/wp\/v2\/users\/2"}],"replies":[{"embeddable":true,"href":"https:\/\/eyfon.at\/en\/wp-json\/wp\/v2\/comments?post=834"}],"version-history":[{"count":47,"href":"https:\/\/eyfon.at\/en\/wp-json\/wp\/v2\/pages\/834\/revisions"}],"predecessor-version":[{"id":1176,"href":"https:\/\/eyfon.at\/en\/wp-json\/wp\/v2\/pages\/834\/revisions\/1176"}],"up":[{"embeddable":true,"href":"https:\/\/eyfon.at\/en\/wp-json\/wp\/v2\/pages\/814"}],"wp:attachment":[{"href":"https:\/\/eyfon.at\/en\/wp-json\/wp\/v2\/media?parent=834"}],"curies":[{"name":"wp","href":"https:\/\/api.w.org\/{rel}","templated":true}]}}